{"id":400708,"date":"2025-10-03T16:09:25","date_gmt":"2025-10-03T16:09:25","guid":{"rendered":"https:\/\/demo.ewakelab.it\/ottica\/product\/alaia-aa0094s-001\/"},"modified":"2025-12-04T16:32:15","modified_gmt":"2025-12-04T16:32:15","slug":"alaia-aa0094s-001","status":"publish","type":"product","link":"https:\/\/otticavisiva.it\/en\/product\/alaia-aa0094s-001\/","title":{"rendered":"Alaia AA0094S 001"},"content":{"rendered":"<p>Alaia AA0094S 001<\/p>\n<p>Category: sunglasses made in Japan<\/p>\n<p>Material: metal<\/p>\n<p>Color: 001 black<\/p>\n<p>Lenses: black<\/p>\n<p>Size: 99\/01<\/p>\n<p>&nbsp;<\/p>\n<p>Maison Ala\u00efa was founded in 1964 in Paris by Tunisian designer Azzedine Ala\u00efa, with the aim of celebrating the power of femininity and the timelessness of beauty. Ala\u00efa immediately stood out for its avant-garde silhouettes. In 2017 Azzedine Ala\u00efa died but the search for perfection so dear to Azzedine continues still today, putting at the center of the work women and their femininity.<\/p>\n","protected":false},"excerpt":{"rendered":"<p>Alaia AA0094S 001 Category: sunglasses made in Japan Material: metal Color: 001 black Lenses: black Size: 99\/01 &nbsp; Maison Ala\u00efa was founded in 1964 in Paris by Tunisian designer Azzedine Ala\u00efa, with the aim of celebrating the power of femininity and the timelessness of beauty. Ala\u00efa immediately stood out for its avant-garde silhouettes. In 2017 Azzedine Ala\u00efa died but the search for perfection so dear to Azzedine continues still today, putting at the center of the work women and their femininity.<\/p>\n","protected":false},"featured_media":400697,"template":"","meta":{"inline_featured_image":false},"product_brand":[427],"product_cat":[436],"product_tag":[369,370],"class_list":{"0":"post-400708","1":"product","2":"type-product","3":"status-publish","4":"has-post-thumbnail","6":"product_designer-alaia","7":"product_brand-alaia","8":"product_cat-sun-en","9":"product_tag-sole-en","10":"product_tag-sunglasses-en","12":"first","13":"instock","14":"shipping-taxable","15":"purchasable","16":"product-type-simple"},"yoast_head":"<!-- This site is optimized with the Yoast SEO plugin v27.3 - https:\/\/yoast.com\/product\/yoast-seo-wordpress\/ -->\n<title>Alaia AA0094S 001 - Ottica Visiva<\/title>\n<meta name=\"robots\" content=\"index, follow, max-snippet:-1, max-image-preview:large, max-video-preview:-1\" \/>\n<link rel=\"canonical\" href=\"https:\/\/otticavisiva.it\/en\/product\/alaia-aa0094s-001\/\" \/>\n<meta property=\"og:locale\" content=\"en_US\" \/>\n<meta property=\"og:type\" content=\"article\" \/>\n<meta property=\"og:title\" content=\"Alaia AA0094S 001 - Ottica Visiva\" \/>\n<meta property=\"og:description\" content=\"Alaia AA0094S 001 Category: sunglasses made in Japan Material: metal Color: 001 black Lenses: black Size: 99\/01 &nbsp; Maison Ala\u00efa was founded in 1964 in Paris by Tunisian designer Azzedine Ala\u00efa, with the aim of celebrating the power of femininity and the timelessness of beauty. Ala\u00efa immediately stood out for its avant-garde silhouettes. In 2017 Azzedine Ala\u00efa died but the search for perfection so dear to Azzedine continues still today, putting at the center of the work women and their femininity.\" \/>\n<meta property=\"og:url\" content=\"https:\/\/otticavisiva.it\/en\/product\/alaia-aa0094s-001\/\" \/>\n<meta property=\"og:site_name\" content=\"Ottica Visiva\" \/>\n<meta property=\"article:publisher\" content=\"https:\/\/www.facebook.com\/visivaapart\" \/>\n<meta property=\"article:modified_time\" content=\"2025-12-04T16:32:15+00:00\" \/>\n<meta property=\"og:image\" content=\"https:\/\/otticavisiva.it\/wp-content\/uploads\/2025\/10\/IMG_3554.jpeg\" \/>\n\t<meta property=\"og:image:width\" content=\"1438\" \/>\n\t<meta property=\"og:image:height\" content=\"1150\" \/>\n\t<meta property=\"og:image:type\" content=\"image\/jpeg\" \/>\n<meta name=\"twitter:card\" content=\"summary_large_image\" \/>\n<script type=\"application\/ld+json\" class=\"yoast-schema-graph\">{\"@context\":\"https:\\\/\\\/schema.org\",\"@graph\":[{\"@type\":\"WebPage\",\"@id\":\"https:\\\/\\\/otticavisiva.it\\\/en\\\/product\\\/alaia-aa0094s-001\\\/\",\"url\":\"https:\\\/\\\/otticavisiva.it\\\/en\\\/product\\\/alaia-aa0094s-001\\\/\",\"name\":\"Alaia AA0094S 001 - Ottica Visiva\",\"isPartOf\":{\"@id\":\"https:\\\/\\\/otticavisiva.it\\\/#website\"},\"primaryImageOfPage\":{\"@id\":\"https:\\\/\\\/otticavisiva.it\\\/en\\\/product\\\/alaia-aa0094s-001\\\/#primaryimage\"},\"image\":{\"@id\":\"https:\\\/\\\/otticavisiva.it\\\/en\\\/product\\\/alaia-aa0094s-001\\\/#primaryimage\"},\"thumbnailUrl\":\"https:\\\/\\\/otticavisiva.it\\\/wp-content\\\/uploads\\\/2025\\\/10\\\/IMG_3554.jpeg\",\"datePublished\":\"2025-10-03T16:09:25+00:00\",\"dateModified\":\"2025-12-04T16:32:15+00:00\",\"breadcrumb\":{\"@id\":\"https:\\\/\\\/otticavisiva.it\\\/en\\\/product\\\/alaia-aa0094s-001\\\/#breadcrumb\"},\"inLanguage\":\"en-US\",\"potentialAction\":[{\"@type\":\"ReadAction\",\"target\":[\"https:\\\/\\\/otticavisiva.it\\\/en\\\/product\\\/alaia-aa0094s-001\\\/\"]}]},{\"@type\":\"ImageObject\",\"inLanguage\":\"en-US\",\"@id\":\"https:\\\/\\\/otticavisiva.it\\\/en\\\/product\\\/alaia-aa0094s-001\\\/#primaryimage\",\"url\":\"https:\\\/\\\/otticavisiva.it\\\/wp-content\\\/uploads\\\/2025\\\/10\\\/IMG_3554.jpeg\",\"contentUrl\":\"https:\\\/\\\/otticavisiva.it\\\/wp-content\\\/uploads\\\/2025\\\/10\\\/IMG_3554.jpeg\",\"width\":1438,\"height\":1150,\"caption\":\"Screenshot\"},{\"@type\":\"BreadcrumbList\",\"@id\":\"https:\\\/\\\/otticavisiva.it\\\/en\\\/product\\\/alaia-aa0094s-001\\\/#breadcrumb\",\"itemListElement\":[{\"@type\":\"ListItem\",\"position\":1,\"name\":\"Home\",\"item\":\"https:\\\/\\\/otticavisiva.it\\\/en\\\/main-home\\\/\"},{\"@type\":\"ListItem\",\"position\":2,\"name\":\"Shop\",\"item\":\"https:\\\/\\\/otticavisiva.it\\\/shop\\\/\"},{\"@type\":\"ListItem\",\"position\":3,\"name\":\"Alaia AA0094S 001\"}]},{\"@type\":\"WebSite\",\"@id\":\"https:\\\/\\\/otticavisiva.it\\\/#website\",\"url\":\"https:\\\/\\\/otticavisiva.it\\\/\",\"name\":\"Ottica Visiva\",\"description\":\"\",\"publisher\":{\"@id\":\"https:\\\/\\\/otticavisiva.it\\\/#organization\"},\"potentialAction\":[{\"@type\":\"SearchAction\",\"target\":{\"@type\":\"EntryPoint\",\"urlTemplate\":\"https:\\\/\\\/otticavisiva.it\\\/?s={search_term_string}\"},\"query-input\":{\"@type\":\"PropertyValueSpecification\",\"valueRequired\":true,\"valueName\":\"search_term_string\"}}],\"inLanguage\":\"en-US\"},{\"@type\":\"Organization\",\"@id\":\"https:\\\/\\\/otticavisiva.it\\\/#organization\",\"name\":\"Ottica Visiva\",\"url\":\"https:\\\/\\\/otticavisiva.it\\\/\",\"logo\":{\"@type\":\"ImageObject\",\"inLanguage\":\"en-US\",\"@id\":\"https:\\\/\\\/otticavisiva.it\\\/#\\\/schema\\\/logo\\\/image\\\/\",\"url\":\"https:\\\/\\\/otticavisiva.it\\\/wp-content\\\/uploads\\\/2025\\\/12\\\/logo-ottica-visiva-nero.png\",\"contentUrl\":\"https:\\\/\\\/otticavisiva.it\\\/wp-content\\\/uploads\\\/2025\\\/12\\\/logo-ottica-visiva-nero.png\",\"width\":320,\"height\":47,\"caption\":\"Ottica Visiva\"},\"image\":{\"@id\":\"https:\\\/\\\/otticavisiva.it\\\/#\\\/schema\\\/logo\\\/image\\\/\"},\"sameAs\":[\"https:\\\/\\\/www.facebook.com\\\/visivaapart\",\"https:\\\/\\\/www.instagram.com\\\/visiva_verona\"]}]}<\/script>\n<!-- \/ Yoast SEO plugin. -->","yoast_head_json":{"title":"Alaia AA0094S 001 - Ottica Visiva","robots":{"index":"index","follow":"follow","max-snippet":"max-snippet:-1","max-image-preview":"max-image-preview:large","max-video-preview":"max-video-preview:-1"},"canonical":"https:\/\/otticavisiva.it\/en\/product\/alaia-aa0094s-001\/","og_locale":"en_US","og_type":"article","og_title":"Alaia AA0094S 001 - Ottica Visiva","og_description":"Alaia AA0094S 001 Category: sunglasses made in Japan Material: metal Color: 001 black Lenses: black Size: 99\/01 &nbsp; Maison Ala\u00efa was founded in 1964 in Paris by Tunisian designer Azzedine Ala\u00efa, with the aim of celebrating the power of femininity and the timelessness of beauty. Ala\u00efa immediately stood out for its avant-garde silhouettes. In 2017 Azzedine Ala\u00efa died but the search for perfection so dear to Azzedine continues still today, putting at the center of the work women and their femininity.","og_url":"https:\/\/otticavisiva.it\/en\/product\/alaia-aa0094s-001\/","og_site_name":"Ottica Visiva","article_publisher":"https:\/\/www.facebook.com\/visivaapart","article_modified_time":"2025-12-04T16:32:15+00:00","og_image":[{"width":1438,"height":1150,"url":"https:\/\/otticavisiva.it\/wp-content\/uploads\/2025\/10\/IMG_3554.jpeg","type":"image\/jpeg"}],"twitter_card":"summary_large_image","schema":{"@context":"https:\/\/schema.org","@graph":[{"@type":"WebPage","@id":"https:\/\/otticavisiva.it\/en\/product\/alaia-aa0094s-001\/","url":"https:\/\/otticavisiva.it\/en\/product\/alaia-aa0094s-001\/","name":"Alaia AA0094S 001 - Ottica Visiva","isPartOf":{"@id":"https:\/\/otticavisiva.it\/#website"},"primaryImageOfPage":{"@id":"https:\/\/otticavisiva.it\/en\/product\/alaia-aa0094s-001\/#primaryimage"},"image":{"@id":"https:\/\/otticavisiva.it\/en\/product\/alaia-aa0094s-001\/#primaryimage"},"thumbnailUrl":"https:\/\/otticavisiva.it\/wp-content\/uploads\/2025\/10\/IMG_3554.jpeg","datePublished":"2025-10-03T16:09:25+00:00","dateModified":"2025-12-04T16:32:15+00:00","breadcrumb":{"@id":"https:\/\/otticavisiva.it\/en\/product\/alaia-aa0094s-001\/#breadcrumb"},"inLanguage":"en-US","potentialAction":[{"@type":"ReadAction","target":["https:\/\/otticavisiva.it\/en\/product\/alaia-aa0094s-001\/"]}]},{"@type":"ImageObject","inLanguage":"en-US","@id":"https:\/\/otticavisiva.it\/en\/product\/alaia-aa0094s-001\/#primaryimage","url":"https:\/\/otticavisiva.it\/wp-content\/uploads\/2025\/10\/IMG_3554.jpeg","contentUrl":"https:\/\/otticavisiva.it\/wp-content\/uploads\/2025\/10\/IMG_3554.jpeg","width":1438,"height":1150,"caption":"Screenshot"},{"@type":"BreadcrumbList","@id":"https:\/\/otticavisiva.it\/en\/product\/alaia-aa0094s-001\/#breadcrumb","itemListElement":[{"@type":"ListItem","position":1,"name":"Home","item":"https:\/\/otticavisiva.it\/en\/main-home\/"},{"@type":"ListItem","position":2,"name":"Shop","item":"https:\/\/otticavisiva.it\/shop\/"},{"@type":"ListItem","position":3,"name":"Alaia AA0094S 001"}]},{"@type":"WebSite","@id":"https:\/\/otticavisiva.it\/#website","url":"https:\/\/otticavisiva.it\/","name":"Ottica Visiva","description":"","publisher":{"@id":"https:\/\/otticavisiva.it\/#organization"},"potentialAction":[{"@type":"SearchAction","target":{"@type":"EntryPoint","urlTemplate":"https:\/\/otticavisiva.it\/?s={search_term_string}"},"query-input":{"@type":"PropertyValueSpecification","valueRequired":true,"valueName":"search_term_string"}}],"inLanguage":"en-US"},{"@type":"Organization","@id":"https:\/\/otticavisiva.it\/#organization","name":"Ottica Visiva","url":"https:\/\/otticavisiva.it\/","logo":{"@type":"ImageObject","inLanguage":"en-US","@id":"https:\/\/otticavisiva.it\/#\/schema\/logo\/image\/","url":"https:\/\/otticavisiva.it\/wp-content\/uploads\/2025\/12\/logo-ottica-visiva-nero.png","contentUrl":"https:\/\/otticavisiva.it\/wp-content\/uploads\/2025\/12\/logo-ottica-visiva-nero.png","width":320,"height":47,"caption":"Ottica Visiva"},"image":{"@id":"https:\/\/otticavisiva.it\/#\/schema\/logo\/image\/"},"sameAs":["https:\/\/www.facebook.com\/visivaapart","https:\/\/www.instagram.com\/visiva_verona"]}]}},"_links":{"self":[{"href":"https:\/\/otticavisiva.it\/en\/wp-json\/wp\/v2\/product\/400708","targetHints":{"allow":["GET"]}}],"collection":[{"href":"https:\/\/otticavisiva.it\/en\/wp-json\/wp\/v2\/product"}],"about":[{"href":"https:\/\/otticavisiva.it\/en\/wp-json\/wp\/v2\/types\/product"}],"wp:featuredmedia":[{"embeddable":true,"href":"https:\/\/otticavisiva.it\/en\/wp-json\/wp\/v2\/media\/400697"}],"wp:attachment":[{"href":"https:\/\/otticavisiva.it\/en\/wp-json\/wp\/v2\/media?parent=400708"}],"wp:term":[{"taxonomy":"product_brand","embeddable":true,"href":"https:\/\/otticavisiva.it\/en\/wp-json\/wp\/v2\/product_brand?post=400708"},{"taxonomy":"product_cat","embeddable":true,"href":"https:\/\/otticavisiva.it\/en\/wp-json\/wp\/v2\/product_cat?post=400708"},{"taxonomy":"product_tag","embeddable":true,"href":"https:\/\/otticavisiva.it\/en\/wp-json\/wp\/v2\/product_tag?post=400708"}],"curies":[{"name":"wp","href":"https:\/\/api.w.org\/{rel}","templated":true}]}}